{"id":2,"date":"2019-09-10T12:00:56","date_gmt":"2019-09-10T10:00:56","guid":{"rendered":"http:\/\/www.pelet-roy.ch\/?page_id=2"},"modified":"2024-08-12T13:50:38","modified_gmt":"2024-08-12T11:50:38","slug":"page-d-exemple","status":"publish","type":"page","link":"https:\/\/www.pelet-roy.ch\/","title":{"rendered":"Pelet-Roy S\u00e0rl"},"content":{"rendered":"<div class=\"wp-block-columns are-vertically-aligned-top is-layout-flex wp-container-core-columns-is-layout-9d6595d7 wp-block-columns-is-layout-flex\"><div class=\"wp-block-column is-vertically-aligned-top is-layout-flow wp-block-column-is-layout-flow\" style=\"flex-basis:100%\"><h2 class=\"wp-block-heading has-text-align-center\"><strong><span class=\"has-inline-color has-vivid-red-color\">Promotions &#8211; quantit\u00e9 limit\u00e9e<\/span><\/strong><\/h2>\n\n<p><\/p><\/div><\/div><div style=\"height:16px\" aria-hidden=\"true\" class=\"wp-block-spacer\"><\/div><div class=\"wp-block-columns is-layout-flex wp-container-core-columns-is-layout-9d6595d7 wp-block-columns-is-layout-flex\"><div class=\"wp-block-column is-layout-flow wp-block-column-is-layout-flow\" style=\"flex-basis:100%\"><div class=\"wp-block-group\"><div class=\"wp-block-group__inner-container is-layout-flow wp-block-group-is-layout-flow\"><div data-block-name=\"woocommerce\/product-on-sale\" class=\"wc-block-grid wp-block-product-on-sale wp-block-woocommerce-product-on-sale wc-block-product-on-sale has-3-columns has-multiple-rows\"><ul class=\"wc-block-grid__products\"><li class=\"wc-block-grid__product\">\n\t\t\t\t<a href=\"https:\/\/www.pelet-roy.ch\/?product=manchons-harmony-22m-ex-335mm\" class=\"wc-block-grid__product-link\">\n\t\t\t\t\t<div class=\"wc-block-grid__product-onsale\">\n\t\t\t<span aria-hidden=\"true\">Promo<\/span>\n\t\t\t<span class=\"screen-reader-text\">Produit en promotion<\/span>\n\t\t<\/div>\n\t\t\t\t\t<div class=\"wc-block-grid__product-image\"><img loading=\"lazy\" decoding=\"async\" width=\"350\" height=\"300\" src=\"https:\/\/www.pelet-roy.ch\/wp-content\/uploads\/2024\/08\/99900982-350x300.jpg\" class=\"attachment-woocommerce_thumbnail size-woocommerce_thumbnail\" alt=\"Manchons Harmony 22M-EX 335mm\" \/><\/div>\n\t\t\t\t\t<div class=\"wc-block-grid__product-title\">Manchons Harmony 22M-EX 335mm<\/div>\n\t\t\t\t<\/a>\n\t\t\t\t<div class=\"wc-block-grid__product-price price\"><del aria-hidden=\"true\"><span class=\"woocommerce-Price-amount amount\"><span class=\"woocommerce-Price-currencySymbol\">&#067;&#072;&#070;<\/span>59.60<\/span><\/del> <span class=\"screen-reader-text\">Le prix initial \u00e9tait\u00a0: &#067;&#072;&#070;59.60.<\/span><ins aria-hidden=\"true\"><span class=\"woocommerce-Price-amount amount\"><span class=\"woocommerce-Price-currencySymbol\">&#067;&#072;&#070;<\/span>29.80<\/span><\/ins><span class=\"screen-reader-text\">Le prix actuel est\u00a0: &#067;&#072;&#070;29.80.<\/span> <small class=\"woocommerce-price-suffix\">HT<\/small><\/div>\n\t\t\t\t\n\t\t\t\t<div class=\"wp-block-button wc-block-grid__product-add-to-cart\"><a href=\"?add-to-cart=8647\" aria-label=\"Ajouter au panier\u00a0: &ldquo;Manchons Harmony 22M-EX 335mm&rdquo;\" data-quantity=\"1\" data-product_id=\"8647\" data-product_sku=\"99900880\" data-price=\"29.8\" rel=\"nofollow\" class=\"wp-block-button__link  add_to_cart_button ajax_add_to_cart\">Ajouter au panier<\/a><\/div>\n\t\t\t<\/li><li class=\"wc-block-grid__product\">\n\t\t\t\t<a href=\"https:\/\/www.pelet-roy.ch\/?product=manchons-22m-ls\" class=\"wc-block-grid__product-link\">\n\t\t\t\t\t<div class=\"wc-block-grid__product-onsale\">\n\t\t\t<span aria-hidden=\"true\">Promo<\/span>\n\t\t\t<span class=\"screen-reader-text\">Produit en promotion<\/span>\n\t\t<\/div>\n\t\t\t\t\t<div class=\"wc-block-grid__product-image\"><img loading=\"lazy\" decoding=\"async\" width=\"350\" height=\"300\" src=\"https:\/\/www.pelet-roy.ch\/wp-content\/uploads\/2024\/08\/96400880-350x300.jpg\" class=\"attachment-woocommerce_thumbnail size-woocommerce_thumbnail\" alt=\"Manchons 22M - LS\" \/><\/div>\n\t\t\t\t\t<div class=\"wc-block-grid__product-title\">Manchons 22M &#8211; LS<\/div>\n\t\t\t\t<\/a>\n\t\t\t\t<div class=\"wc-block-grid__product-price price\"><del aria-hidden=\"true\"><span class=\"woocommerce-Price-amount amount\"><span class=\"woocommerce-Price-currencySymbol\">&#067;&#072;&#070;<\/span>59.60<\/span><\/del> <span class=\"screen-reader-text\">Le prix initial \u00e9tait\u00a0: &#067;&#072;&#070;59.60.<\/span><ins aria-hidden=\"true\"><span class=\"woocommerce-Price-amount amount\"><span class=\"woocommerce-Price-currencySymbol\">&#067;&#072;&#070;<\/span>29.80<\/span><\/ins><span class=\"screen-reader-text\">Le prix actuel est\u00a0: &#067;&#072;&#070;29.80.<\/span> <small class=\"woocommerce-price-suffix\">HT<\/small><\/div>\n\t\t\t\t\n\t\t\t\t<div class=\"wp-block-button wc-block-grid__product-add-to-cart\"><a href=\"?add-to-cart=8643\" aria-label=\"Ajouter au panier\u00a0: &ldquo;Manchons 22M - LS&rdquo;\" data-quantity=\"1\" data-product_id=\"8643\" data-product_sku=\"96400880\" data-price=\"29.8\" rel=\"nofollow\" class=\"wp-block-button__link  add_to_cart_button ajax_add_to_cart\">Ajouter au panier<\/a><\/div>\n\t\t\t<\/li><li class=\"wc-block-grid__product\">\n\t\t\t\t<a href=\"https:\/\/www.pelet-roy.ch\/?product=gants-nitrile-black-barrier-100pces\" class=\"wc-block-grid__product-link\">\n\t\t\t\t\t<div class=\"wc-block-grid__product-onsale\">\n\t\t\t<span aria-hidden=\"true\">Promo<\/span>\n\t\t\t<span class=\"screen-reader-text\">Produit en promotion<\/span>\n\t\t<\/div>\n\t\t\t\t\t<div class=\"wc-block-grid__product-image\"><img loading=\"lazy\" decoding=\"async\" width=\"350\" height=\"280\" src=\"https:\/\/www.pelet-roy.ch\/wp-content\/uploads\/2024\/07\/black-barrier-en-nitrile-gants-a-usage-unique-12093.jpg\" class=\"attachment-woocommerce_thumbnail size-woocommerce_thumbnail\" alt=\"Gants nitrile BLACK BARRIER, 100pces\" srcset=\"https:\/\/www.pelet-roy.ch\/wp-content\/uploads\/2024\/07\/black-barrier-en-nitrile-gants-a-usage-unique-12093.jpg 350w, https:\/\/www.pelet-roy.ch\/wp-content\/uploads\/2024\/07\/black-barrier-en-nitrile-gants-a-usage-unique-12093-300x240.jpg 300w\" sizes=\"auto, (max-width: 350px) 100vw, 350px\" \/><\/div>\n\t\t\t\t\t<div class=\"wc-block-grid__product-title\">Gants nitrile BLACK BARRIER, 100pces<\/div>\n\t\t\t\t<\/a>\n\t\t\t\t<div class=\"wc-block-grid__product-price price\"><del aria-hidden=\"true\"><span class=\"woocommerce-Price-amount amount\"><span class=\"woocommerce-Price-currencySymbol\">&#067;&#072;&#070;<\/span>15.65<\/span><\/del> <span class=\"screen-reader-text\">Le prix initial \u00e9tait\u00a0: &#067;&#072;&#070;15.65.<\/span><ins aria-hidden=\"true\"><span class=\"woocommerce-Price-amount amount\"><span class=\"woocommerce-Price-currencySymbol\">&#067;&#072;&#070;<\/span>12.52<\/span><\/ins><span class=\"screen-reader-text\">Le prix actuel est\u00a0: &#067;&#072;&#070;12.52.<\/span> <small class=\"woocommerce-price-suffix\">HT<\/small><\/div>\n\t\t\t\t\n\t\t\t\t<div class=\"wp-block-button wc-block-grid__product-add-to-cart\"><a href=\"https:\/\/www.pelet-roy.ch\/?product=gants-nitrile-black-barrier-100pces\" aria-label=\"S\u00e9lectionner les options pour &ldquo;Gants nitrile BLACK BARRIER, 100pces&rdquo;\" data-quantity=\"1\" data-product_id=\"8607\" data-product_sku=\"U-267085*-1\" data-price=\"12.52\" rel=\"nofollow\" class=\"wp-block-button__link  add_to_cart_button\">Choix des options<\/a><\/div>\n\t\t\t<\/li><\/ul><\/div><\/div><\/div><\/div><\/div><div style=\"height:36px\" aria-hidden=\"true\" class=\"wp-block-spacer\"><\/div><p class=\"has-text-align-center has-large-font-size\"><strong>Bienvenue sur notre site internet<\/strong><\/p><p class=\"has-text-align-center\">De 2016 \u00e0 2024, Pelet-Roy S\u00e0rl \u00e9tait au service des agriculteurs pour toute la r\u00e9gion Nord Ouest de la Suisse.<\/p><p class=\"has-text-align-center\"> (Vallon du Nozon &#8211; Vall\u00e9e de Joux \u2013 La C\u00f4te \u2013 Mont-sur-Lausanne \u2013 Chapelle-s\/-Moudon \u2013 Ste-Croix &#8211; Provence)<\/p><div class=\"wp-block-image\"><figure class=\"aligncenter size-large\"><img loading=\"lazy\" decoding=\"async\" width=\"768\" height=\"1024\" src=\"https:\/\/www.pelet-roy.ch\/wp-content\/uploads\/2024\/04\/Secteur_2023-2024-768x1024.jpg\" alt=\"\" class=\"wp-image-8563\" srcset=\"https:\/\/www.pelet-roy.ch\/wp-content\/uploads\/2024\/04\/Secteur_2023-2024-768x1024.jpg 768w, https:\/\/www.pelet-roy.ch\/wp-content\/uploads\/2024\/04\/Secteur_2023-2024-225x300.jpg 225w, https:\/\/www.pelet-roy.ch\/wp-content\/uploads\/2024\/04\/Secteur_2023-2024-1152x1536.jpg 1152w, https:\/\/www.pelet-roy.ch\/wp-content\/uploads\/2024\/04\/Secteur_2023-2024-700x933.jpg 700w, https:\/\/www.pelet-roy.ch\/wp-content\/uploads\/2024\/04\/Secteur_2023-2024.jpg 1260w\" sizes=\"auto, (max-width: 768px) 100vw, 768px\" \/><\/figure><\/div><p class=\"has-text-align-center\"><br><strong>SERVICES&nbsp;<\/strong><mark style=\"background-color:rgba(0, 0, 0, 0)\" class=\"has-inline-color has-vivid-red-color\">(fin au 31.07.2024)<\/mark><\/p><p class=\"has-text-align-center\"><strong>Mat\u00e9riel d&#8217;occasion en stock<\/strong><\/p><p class=\"has-text-align-center\"><strong>Shop en ligne jusqu&#8217;\u00e0 \u00e9puisement des stocks ! (voir  &#8221; Infos &#8211; SHOP &#8221; )<\/strong><\/p><p class=\"has-text-align-center\"><br><strong>NOS PARTENAIRES :<\/strong><\/p><div class=\"wp-block-columns is-layout-flex wp-container-core-columns-is-layout-9d6595d7 wp-block-columns-is-layout-flex\"><div class=\"wp-block-column is-vertically-aligned-center is-layout-flow wp-block-column-is-layout-flow\"><div class=\"wp-block-image is-style-default\"><figure class=\"aligncenter size-large is-resized\"><a href=\"https:\/\/www.kaercher.com\/ch-fr\/?cid=ch-SEA-20xbX62gcUCG0B5sVSIOMA&amp;gclid=Cj0KCQjw8rT8BRCbARIsALWiOvQACa3tiW-ndsr2e8WTmQUzBTbSz-14cFN9uf5FEjnckUZ2OjxQy1gaAl42EALw_wcB\"><img loading=\"lazy\" decoding=\"async\" width=\"135\" height=\"36\" src=\"https:\/\/www.pelet-roy.ch\/wp-content\/uploads\/2020\/01\/kaercher_logo1.png\" alt=\"\" class=\"wp-image-4523\" style=\"width:169px;height:45px\"\/><\/a><\/figure><\/div><\/div>\n\n<div class=\"wp-block-column is-layout-flow wp-block-column-is-layout-flow\"><div class=\"wp-block-image\"><figure class=\"aligncenter is-resized\"><a href=\"https:\/\/www.delaval.com\/fr-ch\/\"><img loading=\"lazy\" decoding=\"async\" width=\"225\" height=\"225\" src=\"https:\/\/www.pelet-roy.ch\/wp-content\/uploads\/2020\/10\/images.png\" alt=\"\" class=\"wp-image-7538\" style=\"width:181px;height:181px\" srcset=\"https:\/\/www.pelet-roy.ch\/wp-content\/uploads\/2020\/10\/images.png 225w, https:\/\/www.pelet-roy.ch\/wp-content\/uploads\/2020\/10\/images-150x150.png 150w, https:\/\/www.pelet-roy.ch\/wp-content\/uploads\/2020\/10\/images-100x100.png 100w\" sizes=\"auto, (max-width: 225px) 100vw, 225px\" \/><\/a><\/figure><\/div><\/div>\n\n<div class=\"wp-block-column is-vertically-aligned-center is-layout-flow wp-block-column-is-layout-flow\"><div class=\"wp-block-image\"><figure class=\"aligncenter size-large is-resized\"><a href=\"https:\/\/www.urbanonline.de\/\"><img decoding=\"async\" src=\"https:\/\/www.pelet-roy.ch\/wp-content\/uploads\/2020\/01\/logo-header1.png\" alt=\"\" style=\"width:88px;height:88px\"\/><\/a><\/figure><\/div><\/div><\/div><div style=\"height:2px\" aria-hidden=\"true\" class=\"wp-block-spacer\"><\/div><p class=\"has-text-align-center\"><strong> CONTACT&nbsp;\/ HORAIRES&nbsp;:  <\/strong><\/p><div style=\"height:1px\" aria-hidden=\"true\" class=\"wp-block-spacer\"><\/div><div class=\"wp-block-columns has-2-columns is-layout-flex wp-container-core-columns-is-layout-9d6595d7 wp-block-columns-is-layout-flex\"><div class=\"wp-block-column is-layout-flow wp-block-column-is-layout-flow\"><p><strong> Adresse&nbsp;:  <\/strong><\/p><\/div>\n\n<div class=\"wp-block-column is-vertically-aligned-top is-layout-flow wp-block-column-is-layout-flow\"><p>Pelet-Roy S\u00e0rl<\/p>\n\n<p>Rue du Battoir 3<br>1329 Bretonni\u00e8res<\/p><\/div><\/div><div class=\"wp-block-columns has-2-columns is-layout-flex wp-container-core-columns-is-layout-9d6595d7 wp-block-columns-is-layout-flex\"><div class=\"wp-block-column is-layout-flow wp-block-column-is-layout-flow\"><p><strong>  T\u00e9l\u00e9phone&nbsp;:  <\/strong><\/p><\/div>\n\n<div class=\"wp-block-column is-layout-flow wp-block-column-is-layout-flow\"><p>079\/400.76.27<\/p><\/div><\/div><div class=\"wp-block-columns has-2-columns is-layout-flex wp-container-core-columns-is-layout-9d6595d7 wp-block-columns-is-layout-flex\"><div class=\"wp-block-column is-layout-flow wp-block-column-is-layout-flow\"><p><strong>  E-mail&nbsp;:  <\/strong><\/p><\/div>\n\n<div class=\"wp-block-column is-layout-flow wp-block-column-is-layout-flow\"><p>info@pelet-roy.ch <\/p><\/div><\/div><div class=\"wp-block-columns has-2-columns is-layout-flex wp-container-core-columns-is-layout-9d6595d7 wp-block-columns-is-layout-flex\"><div class=\"wp-block-column is-layout-flow wp-block-column-is-layout-flow\"><p><strong>  Horaires Shop + bureau&nbsp;:  <\/strong><\/p><\/div>\n\n<div class=\"wp-block-column is-layout-flow wp-block-column-is-layout-flow\"><p>Lundi&nbsp;: <mark style=\"background-color:rgba(0, 0, 0, 0)\" class=\"has-inline-color has-vivid-red-color\">sur appel au 079\/400.76.27<\/mark><\/p>\n\n<p>Vendredi&nbsp;: <mark style=\"background-color:rgba(0, 0, 0, 0)\" class=\"has-inline-color has-vivid-red-color\">Fermeture d\u00e9finitive<\/mark><\/p><\/div><\/div><div class=\"wp-block-columns has-2-columns is-layout-flex wp-container-core-columns-is-layout-9d6595d7 wp-block-columns-is-layout-flex\"><div class=\"wp-block-column is-layout-flow wp-block-column-is-layout-flow\"><\/div>\n\n<div class=\"wp-block-column is-layout-flow wp-block-column-is-layout-flow\"><\/div><\/div>","protected":false},"excerpt":{"rendered":"<p>Promotions &#8211; quantit\u00e9 limit\u00e9e Bienvenue sur notre site internet De 2016 \u00e0 2024, Pelet-Roy S\u00e0rl \u00e9tait au service des agriculteurs pour toute la r\u00e9gion Nord Ouest de la Suisse. (Vallon du Nozon &#8211; Vall\u00e9e de Joux \u2013 La C\u00f4te \u2013 Mont-sur-Lausanne \u2013 Chapelle-s\/-Moudon \u2013 Ste-Croix &#8211; Provence) SERVICES&nbsp;(fin au 31.07.2024) Mat\u00e9riel d&#8217;occasion en stock Shop [&hellip;]<\/p>\n","protected":false},"author":1,"featured_media":0,"parent":0,"menu_order":0,"comment_status":"closed","ping_status":"open","template":"","meta":{"footnotes":""},"class_list":["post-2","page","type-page","status-publish","hentry"],"jetpack_sharing_enabled":true,"_links":{"self":[{"href":"https:\/\/www.pelet-roy.ch\/index.php?rest_route=\/wp\/v2\/pages\/2","targetHints":{"allow":["GET"]}}],"collection":[{"href":"https:\/\/www.pelet-roy.ch\/index.php?rest_route=\/wp\/v2\/pages"}],"about":[{"href":"https:\/\/www.pelet-roy.ch\/index.php?rest_route=\/wp\/v2\/types\/page"}],"author":[{"embeddable":true,"href":"https:\/\/www.pelet-roy.ch\/index.php?rest_route=\/wp\/v2\/users\/1"}],"replies":[{"embeddable":true,"href":"https:\/\/www.pelet-roy.ch\/index.php?rest_route=%2Fwp%2Fv2%2Fcomments&post=2"}],"version-history":[{"count":93,"href":"https:\/\/www.pelet-roy.ch\/index.php?rest_route=\/wp\/v2\/pages\/2\/revisions"}],"predecessor-version":[{"id":8626,"href":"https:\/\/www.pelet-roy.ch\/index.php?rest_route=\/wp\/v2\/pages\/2\/revisions\/8626"}],"wp:attachment":[{"href":"https:\/\/www.pelet-roy.ch\/index.php?rest_route=%2Fwp%2Fv2%2Fmedia&parent=2"}],"curies":[{"name":"wp","href":"https:\/\/api.w.org\/{rel}","templated":true}]}}