{"id":4522,"date":"2020-01-08T16:03:13","date_gmt":"2020-01-08T15:03:13","guid":{"rendered":"http:\/\/www.pelet-roy.ch\/?page_id=4522"},"modified":"2024-08-12T14:08:57","modified_gmt":"2024-08-12T12:08:57","slug":"nos-partenaires","status":"publish","type":"page","link":"https:\/\/www.pelet-roy.ch\/?page_id=4522","title":{"rendered":"PR\u00c9SENTATION"},"content":{"rendered":"<p> Notre entreprise, Pelet-Roy S\u00e0rl, est situ\u00e9e \u00e0 Bretonni\u00e8res dans le Nord Vaudois.<\/p><p>C&#8217;est le 1<sup>er<\/sup> mai 2016 que nous avons repris le secteur d\u2019activit\u00e9 de M.  Jean-Luc Degiez. C\u2019\u00e9tait un beau d\u00e9fi a relev\u00e9 \u00e0 deux, puis nous avons  rapidement engag\u00e9 notre premier collaborateur pour les services de  maintenance des installations de traite pour satisfaire nos clients. <\/p><p>D\u00e9but 2017, deux agents DeLaval ont cess\u00e9 leurs activit\u00e9s, nous avons alors \u00e9largi notre secteur et pour faire face \u00e0 la situation nous avons engag\u00e9 un nouveau collaborateur et mis en place notre service de livraisons hebdomadaire.  <\/p><p>Pour l\u2019ann\u00e9e 2018, encore du changement, nous r\u00e9cup\u00e9rons la maintenance des robots de traite VMS. Ainsi nous avons engag\u00e9 un nouveau collaborateur, sp\u00e9cialis\u00e9 dans la robotique.<\/p><p>Au cours de ces ann\u00e9es nous avons beaucoup investi dans la formation de nos collaborateurs et le suivi des technologies en syst\u00e8me de traite. Nous avons \u00e9galement r\u00e9nov\u00e9 et am\u00e9nag\u00e9 une ancienne ferme au milieu du village de Bretonni\u00e8res afin d\u2019offrir les meilleurs services \u00e0 notre client\u00e8le.<\/p><p>Nous sommes une entreprise familiale et nous mettons tout en \u0153uvre pour r\u00e9pondre aux attentes de nos nombreux clients.<\/p><p>En 2021, nous avons f\u00eat\u00e9 nos cinq ann\u00e9es d&#8217;activit\u00e9s. Nous n&#8217;avons pas pu organiser un grand \u00e9v\u00e9nement au vu de la situation sanitaire qui touchait notre pays mais ce n&#8217;est que partie remise&#8230;<\/p><p>2022 et 2023, nos ann\u00e9es les plus productives, avec une \u00e9quipe grandissante, la pose de deux carrousels et deux robots V300 sur notre secteur! En d\u00e9cembre 2022, nous avons pu organiser des portes ouvertes qui se sont d\u00e9roul\u00e9es \u00e0 merveille, verre de bienvenue \u00e0 emporter en souvenir, croissants pour les plus matinaux et burger de sanglier pour la suite de la journ\u00e9e servi par Les Marmitons du Terroir, une super \u00e9quipe que nous vous recommandons pour vos \u00e9v\u00e9nements !<\/p><p>2024, il est temps de partir vers de nouveaux d\u00e9fis ! En accord au sein de notre team, nous avons d\u00e9cid\u00e9 d&#8217;arr\u00eater l&#8217;agence DeLaval. Notre entreprise ferme officiellement ses portes le 31 juillet 2024.<\/p><p>Pour DeLaval SA, la t\u00e2che n\u2019a pas \u00e9t\u00e9 facile mais leurs \u00e9quipes se sont d\u00e9men\u00e9es pour trouver les meilleures solutions et vous soutenir dans ces changements. Nous vous souhaitons, \u00e0 vous tous et toutes, le meilleur pour l\u2019avenir et nous esp\u00e9rons que vous trouverez satisfaction avec votre prochain partenaire au sein de DeLaval SA.<\/p><p>Ces quelques lignes sont loin d\u2019\u00eatre suffisantes pour vous montrer notre reconnaissance pour la confiance que vous nous avez accord\u00e9e, votre collaboration et votre fid\u00e9lit\u00e9 au cours de ces ann\u00e9es.<\/p><p>MERCI !!!<\/p><div style=\"height:9px\" aria-hidden=\"true\" class=\"wp-block-spacer\"><\/div><p class=\"has-text-align-center\">Adieu, Bonne&#8230; Bisous !<\/p><p class=\"has-text-align-center\">Votre team Pelet-Roy S\u00e0rl<\/p><figure class=\"wp-block-image size-large\"><img loading=\"lazy\" decoding=\"async\" width=\"1024\" height=\"711\" src=\"https:\/\/www.pelet-roy.ch\/wp-content\/uploads\/2024\/03\/Agents_DeLaval_2024-1024x711.jpg\" alt=\"\" class=\"wp-image-8554\" srcset=\"https:\/\/www.pelet-roy.ch\/wp-content\/uploads\/2024\/03\/Agents_DeLaval_2024-1024x711.jpg 1024w, https:\/\/www.pelet-roy.ch\/wp-content\/uploads\/2024\/03\/Agents_DeLaval_2024-300x208.jpg 300w, https:\/\/www.pelet-roy.ch\/wp-content\/uploads\/2024\/03\/Agents_DeLaval_2024-768x533.jpg 768w, https:\/\/www.pelet-roy.ch\/wp-content\/uploads\/2024\/03\/Agents_DeLaval_2024-700x486.jpg 700w, https:\/\/www.pelet-roy.ch\/wp-content\/uploads\/2024\/03\/Agents_DeLaval_2024.jpg 1105w\" sizes=\"auto, (max-width: 1024px) 100vw, 1024px\" \/><\/figure><p><\/p>","protected":false},"excerpt":{"rendered":"<p>Notre entreprise, Pelet-Roy S\u00e0rl, est situ\u00e9e \u00e0 Bretonni\u00e8res dans le Nord Vaudois. C&#8217;est le 1er mai 2016 que nous avons repris le secteur d\u2019activit\u00e9 de M. Jean-Luc Degiez. C\u2019\u00e9tait un beau d\u00e9fi a relev\u00e9 \u00e0 deux, puis nous avons rapidement engag\u00e9 notre premier collaborateur pour les services de maintenance des installations de traite pour satisfaire [&hellip;]<\/p>\n","protected":false},"author":1,"featured_media":0,"parent":2,"menu_order":3,"comment_status":"closed","ping_status":"closed","template":"","meta":{"footnotes":""},"class_list":["post-4522","page","type-page","status-publish","hentry"],"jetpack_sharing_enabled":true,"_links":{"self":[{"href":"https:\/\/www.pelet-roy.ch\/index.php?rest_route=\/wp\/v2\/pages\/4522","targetHints":{"allow":["GET"]}}],"collection":[{"href":"https:\/\/www.pelet-roy.ch\/index.php?rest_route=\/wp\/v2\/pages"}],"about":[{"href":"https:\/\/www.pelet-roy.ch\/index.php?rest_route=\/wp\/v2\/types\/page"}],"author":[{"embeddable":true,"href":"https:\/\/www.pelet-roy.ch\/index.php?rest_route=\/wp\/v2\/users\/1"}],"replies":[{"embeddable":true,"href":"https:\/\/www.pelet-roy.ch\/index.php?rest_route=%2Fwp%2Fv2%2Fcomments&post=4522"}],"version-history":[{"count":16,"href":"https:\/\/www.pelet-roy.ch\/index.php?rest_route=\/wp\/v2\/pages\/4522\/revisions"}],"predecessor-version":[{"id":8635,"href":"https:\/\/www.pelet-roy.ch\/index.php?rest_route=\/wp\/v2\/pages\/4522\/revisions\/8635"}],"up":[{"embeddable":true,"href":"https:\/\/www.pelet-roy.ch\/index.php?rest_route=\/wp\/v2\/pages\/2"}],"wp:attachment":[{"href":"https:\/\/www.pelet-roy.ch\/index.php?rest_route=%2Fwp%2Fv2%2Fmedia&parent=4522"}],"curies":[{"name":"wp","href":"https:\/\/api.w.org\/{rel}","templated":true}]}}