{"id":4606,"date":"2020-01-09T09:19:52","date_gmt":"2020-01-09T08:19:52","guid":{"rendered":"http:\/\/www.pelet-roy.ch\/?page_id=4606"},"modified":"2022-04-29T09:31:28","modified_gmt":"2022-04-29T07:31:28","slug":"gestion-de-troupeau","status":"publish","type":"page","link":"https:\/\/www.pelet-roy.ch\/?page_id=4606","title":{"rendered":"Gestion de troupeau"},"content":{"rendered":"<p><strong>Programme Alpro (2000-2017)\u00a0:<\/strong><\/p><p>Enregistreur d\u2019activit\u00e9 Alpro, d\u00e9tection \u00e9lectronique des chaleurs \u2013\ncollier avec m\u00e9daille d\u00e9tectable avec les num\u00e9ros attribu\u00e9 par animaux. <\/p><p>Compatible avec la distribution d\u2019aliments, nourrisseurs automatiques pour veaux, enregistrement de la production laiti\u00e8re et la surveillance individuelle enregistr\u00e9e toutes les heures.<\/p><hr><p><strong>Programme Delpro Farm Manager (2017 \u00e0 ce jour)\u00a0:<\/strong><\/p><p>Delpro Farm Manager surveille, enregistre et analyse les donn\u00e9es provenant\ndes diff\u00e9rents \u00e9quipements de votre exploitation. Cela permet une gestion de\ntroupeau plus simple, plus performante et plus rentable. Il s\u2019adapte \u00e0 tous les\nsyst\u00e8mes de traite DeLaval, si vous souhaitez changer d\u2019installation de traite,\nDelpro Farm Manager conserve toutes les donn\u00e9es. <\/p><p>Delpro permet de connecter les outils d\u2019alimentation aux syst\u00e8mes de traite et de gestion du troupeau afin de poursuivre la qu\u00eate de performance. Il g\u00e8re aussi l\u2019utilisation des lampes, ventilateurs ou racleurs pour une meilleure quantit\u00e9 et qualit\u00e9 de la production de vos animaux.<\/p><div style=\"height:39px\" aria-hidden=\"true\" class=\"wp-block-spacer\"><\/div><p class=\"has-text-align-center\">Votre team Pelet-Roy S\u00e0rl<\/p>","protected":false},"excerpt":{"rendered":"<p>Programme Alpro (2000-2017)\u00a0: Enregistreur d\u2019activit\u00e9 Alpro, d\u00e9tection \u00e9lectronique des chaleurs \u2013 collier avec m\u00e9daille d\u00e9tectable avec les num\u00e9ros attribu\u00e9 par animaux. Compatible avec la distribution d\u2019aliments, nourrisseurs automatiques pour veaux, enregistrement de la production laiti\u00e8re et la surveillance individuelle enregistr\u00e9e toutes les heures. Programme Delpro Farm Manager (2017 \u00e0 ce jour)\u00a0: Delpro Farm Manager surveille, [&hellip;]<\/p>\n","protected":false},"author":1,"featured_media":0,"parent":4527,"menu_order":0,"comment_status":"closed","ping_status":"closed","template":"","meta":{"footnotes":""},"class_list":["post-4606","page","type-page","status-publish","hentry"],"jetpack_sharing_enabled":true,"_links":{"self":[{"href":"https:\/\/www.pelet-roy.ch\/index.php?rest_route=\/wp\/v2\/pages\/4606","targetHints":{"allow":["GET"]}}],"collection":[{"href":"https:\/\/www.pelet-roy.ch\/index.php?rest_route=\/wp\/v2\/pages"}],"about":[{"href":"https:\/\/www.pelet-roy.ch\/index.php?rest_route=\/wp\/v2\/types\/page"}],"author":[{"embeddable":true,"href":"https:\/\/www.pelet-roy.ch\/index.php?rest_route=\/wp\/v2\/users\/1"}],"replies":[{"embeddable":true,"href":"https:\/\/www.pelet-roy.ch\/index.php?rest_route=%2Fwp%2Fv2%2Fcomments&post=4606"}],"version-history":[{"count":21,"href":"https:\/\/www.pelet-roy.ch\/index.php?rest_route=\/wp\/v2\/pages\/4606\/revisions"}],"predecessor-version":[{"id":8078,"href":"https:\/\/www.pelet-roy.ch\/index.php?rest_route=\/wp\/v2\/pages\/4606\/revisions\/8078"}],"up":[{"embeddable":true,"href":"https:\/\/www.pelet-roy.ch\/index.php?rest_route=\/wp\/v2\/pages\/4527"}],"wp:attachment":[{"href":"https:\/\/www.pelet-roy.ch\/index.php?rest_route=%2Fwp%2Fv2%2Fmedia&parent=4606"}],"curies":[{"name":"wp","href":"https:\/\/api.w.org\/{rel}","templated":true}]}}