{"id":4608,"date":"2020-01-09T09:21:54","date_gmt":"2020-01-09T08:21:54","guid":{"rendered":"http:\/\/www.pelet-roy.ch\/?page_id=4608"},"modified":"2023-05-05T16:12:00","modified_gmt":"2023-05-05T14:12:00","slug":"plast-resine-alimentaire","status":"publish","type":"page","link":"https:\/\/www.pelet-roy.ch\/?page_id=4608","title":{"rendered":"PLAST\u00a0 &#8211; r\u00e9sine\u00a0alimentaire"},"content":{"rendered":"<p>Temps de s\u00e9chage rapide \/ Excellente r\u00e9sistance \u00e0 l\u2019humidit\u00e9<\/p><p>Id\u00e9al pour les chambres \u00e0 lait, salle de traite, local technique, tables d\u2019affouragements.<\/p><p>Avec diff\u00e9rentes finitions \u2013 du\nlisse au gros grains (anti-d\u00e9rapant).<\/p><p>Diverses couleurs \u00e0 choix.<\/p><figure class=\"wp-block-gallery aligncenter columns-3 is-cropped wp-block-gallery-1 is-layout-flex wp-block-gallery-is-layout-flex\"><ul class=\"blocks-gallery-grid\"><li class=\"blocks-gallery-item\"><figure><img loading=\"lazy\" decoding=\"async\" width=\"614\" height=\"795\" src=\"http:\/\/www.pelet-roy.ch\/wp-content\/uploads\/2020\/06\/PLAST_3.jpg\" alt=\"\" data-id=\"6775\" data-full-url=\"http:\/\/www.pelet-roy.ch\/wp-content\/uploads\/2020\/06\/PLAST_3.jpg\" data-link=\"http:\/\/www.pelet-roy.ch\/?attachment_id=6775\" class=\"wp-image-6775\" srcset=\"https:\/\/www.pelet-roy.ch\/wp-content\/uploads\/2020\/06\/PLAST_3.jpg 614w, https:\/\/www.pelet-roy.ch\/wp-content\/uploads\/2020\/06\/PLAST_3-232x300.jpg 232w, https:\/\/www.pelet-roy.ch\/wp-content\/uploads\/2020\/06\/PLAST_3-600x777.jpg 600w\" sizes=\"auto, (max-width: 614px) 100vw, 614px\" \/><\/figure><\/li><li class=\"blocks-gallery-item\"><figure><img loading=\"lazy\" decoding=\"async\" width=\"371\" height=\"333\" src=\"http:\/\/www.pelet-roy.ch\/wp-content\/uploads\/2020\/06\/Plast_Affouragement.jpg\" alt=\"\" data-id=\"6776\" data-full-url=\"http:\/\/www.pelet-roy.ch\/wp-content\/uploads\/2020\/06\/Plast_Affouragement.jpg\" data-link=\"http:\/\/www.pelet-roy.ch\/?attachment_id=6776\" class=\"wp-image-6776\" srcset=\"https:\/\/www.pelet-roy.ch\/wp-content\/uploads\/2020\/06\/Plast_Affouragement.jpg 371w, https:\/\/www.pelet-roy.ch\/wp-content\/uploads\/2020\/06\/Plast_Affouragement-300x269.jpg 300w\" sizes=\"auto, (max-width: 371px) 100vw, 371px\" \/><\/figure><\/li><li class=\"blocks-gallery-item\"><figure><img loading=\"lazy\" decoding=\"async\" width=\"373\" height=\"323\" src=\"http:\/\/www.pelet-roy.ch\/wp-content\/uploads\/2020\/06\/Plast_SDT.jpg\" alt=\"\" data-id=\"6777\" data-full-url=\"http:\/\/www.pelet-roy.ch\/wp-content\/uploads\/2020\/06\/Plast_SDT.jpg\" data-link=\"http:\/\/www.pelet-roy.ch\/?attachment_id=6777\" class=\"wp-image-6777\" srcset=\"https:\/\/www.pelet-roy.ch\/wp-content\/uploads\/2020\/06\/Plast_SDT.jpg 373w, https:\/\/www.pelet-roy.ch\/wp-content\/uploads\/2020\/06\/Plast_SDT-300x260.jpg 300w\" sizes=\"auto, (max-width: 373px) 100vw, 373px\" \/><\/figure><\/li><\/ul><\/figure><p class=\"has-text-align-center\"><strong>Contactez-nous pour un devis&nbsp;!<\/strong><\/p><div style=\"height:3px\" aria-hidden=\"true\" class=\"wp-block-spacer\"><\/div><figure class=\"wp-block-gallery columns-3 is-cropped wp-block-gallery-2 is-layout-flex wp-block-gallery-is-layout-flex\"><ul class=\"blocks-gallery-grid\"><li class=\"blocks-gallery-item\"><figure><img loading=\"lazy\" decoding=\"async\" width=\"576\" height=\"1024\" src=\"https:\/\/www.pelet-roy.ch\/wp-content\/uploads\/2023\/05\/IMG-20230426-WA0000-576x1024.jpg\" alt=\"\" data-id=\"8372\" data-full-url=\"https:\/\/www.pelet-roy.ch\/wp-content\/uploads\/2023\/05\/IMG-20230426-WA0000.jpg\" data-link=\"https:\/\/www.pelet-roy.ch\/?attachment_id=8372\" class=\"wp-image-8372\" srcset=\"https:\/\/www.pelet-roy.ch\/wp-content\/uploads\/2023\/05\/IMG-20230426-WA0000-576x1024.jpg 576w, https:\/\/www.pelet-roy.ch\/wp-content\/uploads\/2023\/05\/IMG-20230426-WA0000-169x300.jpg 169w, https:\/\/www.pelet-roy.ch\/wp-content\/uploads\/2023\/05\/IMG-20230426-WA0000-768x1366.jpg 768w, https:\/\/www.pelet-roy.ch\/wp-content\/uploads\/2023\/05\/IMG-20230426-WA0000-864x1536.jpg 864w, https:\/\/www.pelet-roy.ch\/wp-content\/uploads\/2023\/05\/IMG-20230426-WA0000-700x1245.jpg 700w, https:\/\/www.pelet-roy.ch\/wp-content\/uploads\/2023\/05\/IMG-20230426-WA0000.jpg 899w\" sizes=\"auto, (max-width: 576px) 100vw, 576px\" \/><\/figure><\/li><li class=\"blocks-gallery-item\"><figure><img loading=\"lazy\" decoding=\"async\" width=\"576\" height=\"1024\" src=\"https:\/\/www.pelet-roy.ch\/wp-content\/uploads\/2023\/05\/IMG-20230426-WA0002-576x1024.jpg\" alt=\"\" data-id=\"8374\" data-full-url=\"https:\/\/www.pelet-roy.ch\/wp-content\/uploads\/2023\/05\/IMG-20230426-WA0002.jpg\" data-link=\"https:\/\/www.pelet-roy.ch\/?attachment_id=8374\" class=\"wp-image-8374\" srcset=\"https:\/\/www.pelet-roy.ch\/wp-content\/uploads\/2023\/05\/IMG-20230426-WA0002-576x1024.jpg 576w, https:\/\/www.pelet-roy.ch\/wp-content\/uploads\/2023\/05\/IMG-20230426-WA0002-169x300.jpg 169w, https:\/\/www.pelet-roy.ch\/wp-content\/uploads\/2023\/05\/IMG-20230426-WA0002-768x1365.jpg 768w, https:\/\/www.pelet-roy.ch\/wp-content\/uploads\/2023\/05\/IMG-20230426-WA0002-864x1536.jpg 864w, https:\/\/www.pelet-roy.ch\/wp-content\/uploads\/2023\/05\/IMG-20230426-WA0002-700x1244.jpg 700w, https:\/\/www.pelet-roy.ch\/wp-content\/uploads\/2023\/05\/IMG-20230426-WA0002.jpg 1080w\" sizes=\"auto, (max-width: 576px) 100vw, 576px\" \/><\/figure><\/li><li class=\"blocks-gallery-item\"><figure><img loading=\"lazy\" decoding=\"async\" width=\"576\" height=\"1024\" src=\"https:\/\/www.pelet-roy.ch\/wp-content\/uploads\/2023\/05\/IMG-20230426-WA0003-576x1024.jpg\" alt=\"\" data-id=\"8375\" data-full-url=\"https:\/\/www.pelet-roy.ch\/wp-content\/uploads\/2023\/05\/IMG-20230426-WA0003.jpg\" data-link=\"https:\/\/www.pelet-roy.ch\/?attachment_id=8375\" class=\"wp-image-8375\" srcset=\"https:\/\/www.pelet-roy.ch\/wp-content\/uploads\/2023\/05\/IMG-20230426-WA0003-576x1024.jpg 576w, https:\/\/www.pelet-roy.ch\/wp-content\/uploads\/2023\/05\/IMG-20230426-WA0003-169x300.jpg 169w, https:\/\/www.pelet-roy.ch\/wp-content\/uploads\/2023\/05\/IMG-20230426-WA0003-768x1366.jpg 768w, https:\/\/www.pelet-roy.ch\/wp-content\/uploads\/2023\/05\/IMG-20230426-WA0003-864x1536.jpg 864w, https:\/\/www.pelet-roy.ch\/wp-content\/uploads\/2023\/05\/IMG-20230426-WA0003-700x1245.jpg 700w, https:\/\/www.pelet-roy.ch\/wp-content\/uploads\/2023\/05\/IMG-20230426-WA0003.jpg 899w\" sizes=\"auto, (max-width: 576px) 100vw, 576px\" \/><\/figure><\/li><\/ul><\/figure><p class=\"has-text-align-center\">Votre team Pelet-Roy S\u00e0rl<\/p>","protected":false},"excerpt":{"rendered":"<p>Temps de s\u00e9chage rapide \/ Excellente r\u00e9sistance \u00e0 l\u2019humidit\u00e9 Id\u00e9al pour les chambres \u00e0 lait, salle de traite, local technique, tables d\u2019affouragements. Avec diff\u00e9rentes finitions \u2013 du lisse au gros grains (anti-d\u00e9rapant). Diverses couleurs \u00e0 choix. Contactez-nous pour un devis&nbsp;! Votre team Pelet-Roy S\u00e0rl<\/p>\n","protected":false},"author":1,"featured_media":0,"parent":4527,"menu_order":0,"comment_status":"closed","ping_status":"closed","template":"","meta":{"footnotes":""},"class_list":["post-4608","page","type-page","status-publish","hentry"],"jetpack_sharing_enabled":true,"_links":{"self":[{"href":"https:\/\/www.pelet-roy.ch\/index.php?rest_route=\/wp\/v2\/pages\/4608","targetHints":{"allow":["GET"]}}],"collection":[{"href":"https:\/\/www.pelet-roy.ch\/index.php?rest_route=\/wp\/v2\/pages"}],"about":[{"href":"https:\/\/www.pelet-roy.ch\/index.php?rest_route=\/wp\/v2\/types\/page"}],"author":[{"embeddable":true,"href":"https:\/\/www.pelet-roy.ch\/index.php?rest_route=\/wp\/v2\/users\/1"}],"replies":[{"embeddable":true,"href":"https:\/\/www.pelet-roy.ch\/index.php?rest_route=%2Fwp%2Fv2%2Fcomments&post=4608"}],"version-history":[{"count":5,"href":"https:\/\/www.pelet-roy.ch\/index.php?rest_route=\/wp\/v2\/pages\/4608\/revisions"}],"predecessor-version":[{"id":8378,"href":"https:\/\/www.pelet-roy.ch\/index.php?rest_route=\/wp\/v2\/pages\/4608\/revisions\/8378"}],"up":[{"embeddable":true,"href":"https:\/\/www.pelet-roy.ch\/index.php?rest_route=\/wp\/v2\/pages\/4527"}],"wp:attachment":[{"href":"https:\/\/www.pelet-roy.ch\/index.php?rest_route=%2Fwp%2Fv2%2Fmedia&parent=4608"}],"curies":[{"name":"wp","href":"https:\/\/api.w.org\/{rel}","templated":true}]}}