{"id":4633,"date":"2020-01-13T09:37:45","date_gmt":"2020-01-13T08:37:45","guid":{"rendered":"http:\/\/www.pelet-roy.ch\/?page_id=4633"},"modified":"2022-11-18T07:51:28","modified_gmt":"2022-11-18T06:51:28","slug":"robot-de-traite-vms-v300","status":"publish","type":"page","link":"https:\/\/www.pelet-roy.ch\/?page_id=4633","title":{"rendered":"Robot de traite &#8211; VMS \/ V300"},"content":{"rendered":"<p><strong>VMS classic&nbsp;:<\/strong><\/p><p>En 1982, le\npremier brevet pour la traite automatique a \u00e9t\u00e9 attribu\u00e9 \u00e0 DeLaval.<\/p><p>V\u00e9ritable\ntraite par quartier&nbsp;: Quantit\u00e9 de lait, flux du lait, conductivit\u00e9 et\nvaleurs du sang sont mesur\u00e9s par des compteurs homologu\u00e9s par l\u2019ICAR.<\/p><p>Hygi\u00e8ne\nmaximale&nbsp;: Apr\u00e8s chaque vache, les gobelets de nettoyage des trayons et\nceux de traite sont rinc\u00e9s \u00e0 l\u2019int\u00e9rieur comme \u00e0 l\u2019ext\u00e9rieur. Tout reste\nautomatiquement absolument propre. Ils sont rang\u00e9s la t\u00eate en bas de sorte \u00e0\nminimiser le risque d\u2019une transmission des germes.<\/p><p><strong>Robot V300 \u2013 nouvelle g\u00e9n\u00e9ration&nbsp;:<\/strong><\/p><p>Syst\u00e8me de\ncam\u00e9ra \u00e9prouv\u00e9 et innovant pour la d\u00e9tection des trayons, compos\u00e9 d\u2019une cam\u00e9ra\n3D moderne en combinaison avec un logiciel particuli\u00e8rement intelligent\nincluant d\u2019autres param\u00e8tres de mesure tels que des capteurs de vide pour\nsurveiller la bonne marche du processus de fixation.<\/p><p>Le VMS V300\nest le seul syst\u00e8me du march\u00e9 \u00e0 disposer de quatre compteurs \u00e0 lait homologu\u00e9s\nICAR \u00e0 part enti\u00e8re. En plus de la conductivit\u00e9 et de l\u2019identification\nsanguine, l\u2019heure exacte du pr\u00e9l\u00e8vement d\u2019un quart trait est mesur\u00e9e avec\npr\u00e9cision par un proc\u00e9d\u00e9 \u00e9talonn\u00e9.<\/p><p>Equipements\noptionnels selon vos besoins&nbsp;!<\/p><p>Service de d\u00e9pannage 24h\/24 &#8211; en tournus avec la collaboration des agents DeLaval Suisse Romande.<\/p><figure class=\"wp-block-gallery columns-2 is-cropped wp-block-gallery-1 is-layout-flex wp-block-gallery-is-layout-flex\"><ul class=\"blocks-gallery-grid\"><li class=\"blocks-gallery-item\"><figure><img loading=\"lazy\" decoding=\"async\" width=\"1024\" height=\"639\" src=\"https:\/\/www.pelet-roy.ch\/wp-content\/uploads\/2020\/10\/V300-1-1024x639.jpg\" alt=\"\" data-id=\"7592\" data-full-url=\"https:\/\/www.pelet-roy.ch\/wp-content\/uploads\/2020\/10\/V300-1.jpg\" data-link=\"https:\/\/www.pelet-roy.ch\/?attachment_id=7592\" class=\"wp-image-7592\" srcset=\"https:\/\/www.pelet-roy.ch\/wp-content\/uploads\/2020\/10\/V300-1-1024x639.jpg 1024w, https:\/\/www.pelet-roy.ch\/wp-content\/uploads\/2020\/10\/V300-1-300x187.jpg 300w, https:\/\/www.pelet-roy.ch\/wp-content\/uploads\/2020\/10\/V300-1-768x479.jpg 768w, https:\/\/www.pelet-roy.ch\/wp-content\/uploads\/2020\/10\/V300-1-700x437.jpg 700w, https:\/\/www.pelet-roy.ch\/wp-content\/uploads\/2020\/10\/V300-1.jpg 1280w\" sizes=\"auto, (max-width: 1024px) 100vw, 1024px\" \/><\/figure><\/li><li class=\"blocks-gallery-item\"><figure><img loading=\"lazy\" decoding=\"async\" width=\"432\" height=\"270\" src=\"https:\/\/www.pelet-roy.ch\/wp-content\/uploads\/2020\/10\/V300_verso-1.jpg\" alt=\"\" data-id=\"7593\" data-full-url=\"https:\/\/www.pelet-roy.ch\/wp-content\/uploads\/2020\/10\/V300_verso-1.jpg\" data-link=\"https:\/\/www.pelet-roy.ch\/?attachment_id=7593\" class=\"wp-image-7593\" srcset=\"https:\/\/www.pelet-roy.ch\/wp-content\/uploads\/2020\/10\/V300_verso-1.jpg 432w, https:\/\/www.pelet-roy.ch\/wp-content\/uploads\/2020\/10\/V300_verso-1-300x188.jpg 300w\" sizes=\"auto, (max-width: 432px) 100vw, 432px\" \/><\/figure><\/li><\/ul><\/figure><figure class=\"wp-block-video aligncenter\"><video height=\"848\" style=\"aspect-ratio: 480 \/ 848;\" width=\"480\" controls src=\"https:\/\/www.pelet-roy.ch\/wp-content\/uploads\/2021\/10\/VID-20211002-WA0001-1.mp4\"><\/video><\/figure><p class=\"has-text-align-center\">Votre team Pelet-Roy S\u00e0rl<\/p>","protected":false},"excerpt":{"rendered":"<p>VMS classic&nbsp;: En 1982, le premier brevet pour la traite automatique a \u00e9t\u00e9 attribu\u00e9 \u00e0 DeLaval. V\u00e9ritable traite par quartier&nbsp;: Quantit\u00e9 de lait, flux du lait, conductivit\u00e9 et valeurs du sang sont mesur\u00e9s par des compteurs homologu\u00e9s par l\u2019ICAR. Hygi\u00e8ne maximale&nbsp;: Apr\u00e8s chaque vache, les gobelets de nettoyage des trayons et ceux de traite sont [&hellip;]<\/p>\n","protected":false},"author":1,"featured_media":0,"parent":4527,"menu_order":0,"comment_status":"closed","ping_status":"closed","template":"","meta":{"footnotes":""},"class_list":["post-4633","page","type-page","status-publish","hentry"],"jetpack_sharing_enabled":true,"_links":{"self":[{"href":"https:\/\/www.pelet-roy.ch\/index.php?rest_route=\/wp\/v2\/pages\/4633","targetHints":{"allow":["GET"]}}],"collection":[{"href":"https:\/\/www.pelet-roy.ch\/index.php?rest_route=\/wp\/v2\/pages"}],"about":[{"href":"https:\/\/www.pelet-roy.ch\/index.php?rest_route=\/wp\/v2\/types\/page"}],"author":[{"embeddable":true,"href":"https:\/\/www.pelet-roy.ch\/index.php?rest_route=\/wp\/v2\/users\/1"}],"replies":[{"embeddable":true,"href":"https:\/\/www.pelet-roy.ch\/index.php?rest_route=%2Fwp%2Fv2%2Fcomments&post=4633"}],"version-history":[{"count":9,"href":"https:\/\/www.pelet-roy.ch\/index.php?rest_route=\/wp\/v2\/pages\/4633\/revisions"}],"predecessor-version":[{"id":8274,"href":"https:\/\/www.pelet-roy.ch\/index.php?rest_route=\/wp\/v2\/pages\/4633\/revisions\/8274"}],"up":[{"embeddable":true,"href":"https:\/\/www.pelet-roy.ch\/index.php?rest_route=\/wp\/v2\/pages\/4527"}],"wp:attachment":[{"href":"https:\/\/www.pelet-roy.ch\/index.php?rest_route=%2Fwp%2Fv2%2Fmedia&parent=4633"}],"curies":[{"name":"wp","href":"https:\/\/api.w.org\/{rel}","templated":true}]}}