{"id":4940,"date":"2020-02-18T13:55:27","date_gmt":"2020-02-18T12:55:27","guid":{"rendered":"http:\/\/www.pelet-roy.ch\/?page_id=4940"},"modified":"2020-10-23T15:51:10","modified_gmt":"2020-10-23T13:51:10","slug":"tank-a-lait","status":"publish","type":"page","link":"https:\/\/www.pelet-roy.ch\/?page_id=4940","title":{"rendered":"Tank \u00e0 lait"},"content":{"rendered":"<p>Cuve horizontale &#8211; avec programmateur de lavage int\u00e9gr\u00e9. Contenance min. 200L \u00e0 20&#8217;000L.<\/p><p>Cuve verticale &#8211; avec programmateur de lavage int\u00e9gr\u00e9. Contenance min. 1&#8217;000L \u00e0 30&#8217;000L.<\/p><figure class=\"wp-block-gallery columns-2 is-cropped wp-block-gallery-1 is-layout-flex wp-block-gallery-is-layout-flex\"><ul class=\"blocks-gallery-grid\"><li class=\"blocks-gallery-item\"><figure><img loading=\"lazy\" decoding=\"async\" width=\"640\" height=\"771\" src=\"http:\/\/www.pelet-roy.ch\/wp-content\/uploads\/2020\/06\/DXEC_tank-2.jpg\" alt=\"\" data-id=\"6752\" data-full-url=\"http:\/\/www.pelet-roy.ch\/wp-content\/uploads\/2020\/06\/DXEC_tank-2.jpg\" data-link=\"http:\/\/www.pelet-roy.ch\/?attachment_id=6752\" class=\"wp-image-6752\" srcset=\"https:\/\/www.pelet-roy.ch\/wp-content\/uploads\/2020\/06\/DXEC_tank-2.jpg 640w, https:\/\/www.pelet-roy.ch\/wp-content\/uploads\/2020\/06\/DXEC_tank-2-249x300.jpg 249w, https:\/\/www.pelet-roy.ch\/wp-content\/uploads\/2020\/06\/DXEC_tank-2-250x300.jpg 250w, https:\/\/www.pelet-roy.ch\/wp-content\/uploads\/2020\/06\/DXEC_tank-2-600x723.jpg 600w\" sizes=\"auto, (max-width: 640px) 100vw, 640px\" \/><\/figure><\/li><li class=\"blocks-gallery-item\"><figure><img loading=\"lazy\" decoding=\"async\" width=\"516\" height=\"657\" src=\"http:\/\/www.pelet-roy.ch\/wp-content\/uploads\/2020\/06\/Tank_DXOC-1.jpg\" alt=\"\" data-id=\"6754\" data-full-url=\"http:\/\/www.pelet-roy.ch\/wp-content\/uploads\/2020\/06\/Tank_DXOC-1.jpg\" data-link=\"http:\/\/www.pelet-roy.ch\/?attachment_id=6754\" class=\"wp-image-6754\" srcset=\"https:\/\/www.pelet-roy.ch\/wp-content\/uploads\/2020\/06\/Tank_DXOC-1.jpg 516w, https:\/\/www.pelet-roy.ch\/wp-content\/uploads\/2020\/06\/Tank_DXOC-1-236x300.jpg 236w\" sizes=\"auto, (max-width: 516px) 100vw, 516px\" \/><\/figure><\/li><\/ul><\/figure><p class=\"has-text-align-center\">Votre team Pelet-Roy S\u00e0rl<\/p>","protected":false},"excerpt":{"rendered":"<p>Cuve horizontale &#8211; avec programmateur de lavage int\u00e9gr\u00e9. Contenance min. 200L \u00e0 20&#8217;000L. Cuve verticale &#8211; avec programmateur de lavage int\u00e9gr\u00e9. Contenance min. 1&#8217;000L \u00e0 30&#8217;000L. Votre team Pelet-Roy S\u00e0rl<\/p>\n","protected":false},"author":1,"featured_media":0,"parent":4527,"menu_order":0,"comment_status":"closed","ping_status":"closed","template":"","meta":{"footnotes":""},"class_list":["post-4940","page","type-page","status-publish","hentry"],"jetpack_sharing_enabled":true,"_links":{"self":[{"href":"https:\/\/www.pelet-roy.ch\/index.php?rest_route=\/wp\/v2\/pages\/4940","targetHints":{"allow":["GET"]}}],"collection":[{"href":"https:\/\/www.pelet-roy.ch\/index.php?rest_route=\/wp\/v2\/pages"}],"about":[{"href":"https:\/\/www.pelet-roy.ch\/index.php?rest_route=\/wp\/v2\/types\/page"}],"author":[{"embeddable":true,"href":"https:\/\/www.pelet-roy.ch\/index.php?rest_route=\/wp\/v2\/users\/1"}],"replies":[{"embeddable":true,"href":"https:\/\/www.pelet-roy.ch\/index.php?rest_route=%2Fwp%2Fv2%2Fcomments&post=4940"}],"version-history":[{"count":6,"href":"https:\/\/www.pelet-roy.ch\/index.php?rest_route=\/wp\/v2\/pages\/4940\/revisions"}],"predecessor-version":[{"id":7613,"href":"https:\/\/www.pelet-roy.ch\/index.php?rest_route=\/wp\/v2\/pages\/4940\/revisions\/7613"}],"up":[{"embeddable":true,"href":"https:\/\/www.pelet-roy.ch\/index.php?rest_route=\/wp\/v2\/pages\/4527"}],"wp:attachment":[{"href":"https:\/\/www.pelet-roy.ch\/index.php?rest_route=%2Fwp%2Fv2%2Fmedia&parent=4940"}],"curies":[{"name":"wp","href":"https:\/\/api.w.org\/{rel}","templated":true}]}}