{"id":7595,"date":"2020-10-23T15:11:34","date_gmt":"2020-10-23T13:11:34","guid":{"rendered":"https:\/\/www.pelet-roy.ch\/?page_id=7595"},"modified":"2022-11-17T17:02:56","modified_gmt":"2022-11-17T16:02:56","slug":"salle-de-traite-pr2100-rotative-carrousel","status":"publish","type":"page","link":"https:\/\/www.pelet-roy.ch\/?page_id=7595","title":{"rendered":"Salle de traite PR2100 &#8211; Rotative (carrousel)"},"content":{"rendered":"<p>La plate-forme PR2100 est \u00e9quip\u00e9e d&#8217;un panneau de commande multifonctions en lien avec le syst\u00e8me de gestion de troupeau. Le contr\u00f4le automatique de la vitesse et de la d\u00e9tection de coup de pied font partie des multiples fonctions standards du syst\u00e8me.<\/p><p>Le trayeur peut \u00eatre aid\u00e9 par un &#8221;Smart Message Annonceur&#8221;, une voix annonce alors les \u00e9v\u00e9nements important \u00e0 l&#8217;op\u00e9rateur.<\/p><p>En outre, un \u00e9cran tactile apporte une vision de l&#8217;ensemble du d\u00e9roulement de la traite.<\/p><p><strong>Plancher mobile <em>Comfloor<\/em> :<\/strong><\/p><p>Le plancher mobile <em>Comfloor<\/em> r\u00e9glable hydrauliquement, permet une hauteur de travail id\u00e9ale, tr\u00e8s important en cas de changement de trayeur, ce qui est souvent le cas sur ce type d&#8217;installation. Une bonne posture est essentielles pour se d\u00e9tendre et \u00e9viter les douleurs. Le <em>Comfloor<\/em> est un investissement tr\u00e8s rapide \u00e0 rentabiliser.<\/p><p><strong>Options :<\/strong><\/p><ul class=\"wp-block-list\"><li>Alimentation : vache par vache ou portion unique pour tous les animaux.<\/li><li>Syst\u00e8me de retenue : chaque vache peut \u00eatre bloqu\u00e9e individuellement afin de repasser devant le trayeur.<\/li><li>Bac p\u00e9diluve automatique<\/li><li>Porte de tri automatique en sortie de roto<\/li><li>Cage de soin<\/li><li>Syst\u00e8me de ventilation et \u00e9clairage<\/li><li>Syst\u00e8me de r\u00e9cup\u00e9ration de chaleur<\/li><li>Stockage du lait<\/li><li>\u00c9quipement de manutention et traitement des d\u00e9jections<\/li><\/ul><p><\/p><p>Contactez-nous pour plus d&#8217;informations.<\/p><figure class=\"wp-block-gallery columns-3 is-cropped wp-block-gallery-1 is-layout-flex wp-block-gallery-is-layout-flex\"><ul class=\"blocks-gallery-grid\"><li class=\"blocks-gallery-item\"><figure><img loading=\"lazy\" decoding=\"async\" width=\"1024\" height=\"768\" src=\"https:\/\/www.pelet-roy.ch\/wp-content\/uploads\/2022\/11\/20221011_172006-1024x768.jpg\" alt=\"\" data-id=\"8259\" data-link=\"https:\/\/www.pelet-roy.ch\/?attachment_id=8259\" class=\"wp-image-8259\" srcset=\"https:\/\/www.pelet-roy.ch\/wp-content\/uploads\/2022\/11\/20221011_172006-1024x768.jpg 1024w, https:\/\/www.pelet-roy.ch\/wp-content\/uploads\/2022\/11\/20221011_172006-300x225.jpg 300w, https:\/\/www.pelet-roy.ch\/wp-content\/uploads\/2022\/11\/20221011_172006-768x576.jpg 768w, https:\/\/www.pelet-roy.ch\/wp-content\/uploads\/2022\/11\/20221011_172006-1536x1152.jpg 1536w, https:\/\/www.pelet-roy.ch\/wp-content\/uploads\/2022\/11\/20221011_172006-700x525.jpg 700w, https:\/\/www.pelet-roy.ch\/wp-content\/uploads\/2022\/11\/20221011_172006.jpg 2000w\" sizes=\"auto, (max-width: 1024px) 100vw, 1024px\" \/><\/figure><\/li><li class=\"blocks-gallery-item\"><figure><img loading=\"lazy\" decoding=\"async\" width=\"768\" height=\"1024\" src=\"https:\/\/www.pelet-roy.ch\/wp-content\/uploads\/2022\/11\/20221011_175458-768x1024.jpg\" alt=\"\" data-id=\"8262\" data-link=\"https:\/\/www.pelet-roy.ch\/?attachment_id=8262\" class=\"wp-image-8262\" srcset=\"https:\/\/www.pelet-roy.ch\/wp-content\/uploads\/2022\/11\/20221011_175458-768x1024.jpg 768w, https:\/\/www.pelet-roy.ch\/wp-content\/uploads\/2022\/11\/20221011_175458-225x300.jpg 225w, https:\/\/www.pelet-roy.ch\/wp-content\/uploads\/2022\/11\/20221011_175458-1152x1536.jpg 1152w, https:\/\/www.pelet-roy.ch\/wp-content\/uploads\/2022\/11\/20221011_175458-700x933.jpg 700w, https:\/\/www.pelet-roy.ch\/wp-content\/uploads\/2022\/11\/20221011_175458-rotated.jpg 1500w\" sizes=\"auto, (max-width: 768px) 100vw, 768px\" \/><\/figure><\/li><li class=\"blocks-gallery-item\"><figure><img loading=\"lazy\" decoding=\"async\" width=\"1024\" height=\"706\" src=\"https:\/\/www.pelet-roy.ch\/wp-content\/uploads\/2022\/11\/20221011_173926-1-1024x706.jpg\" alt=\"\" data-id=\"8263\" data-full-url=\"https:\/\/www.pelet-roy.ch\/wp-content\/uploads\/2022\/11\/20221011_173926-1-scaled.jpg\" data-link=\"https:\/\/www.pelet-roy.ch\/?attachment_id=8263\" class=\"wp-image-8263\" srcset=\"https:\/\/www.pelet-roy.ch\/wp-content\/uploads\/2022\/11\/20221011_173926-1-1024x706.jpg 1024w, https:\/\/www.pelet-roy.ch\/wp-content\/uploads\/2022\/11\/20221011_173926-1-300x207.jpg 300w, https:\/\/www.pelet-roy.ch\/wp-content\/uploads\/2022\/11\/20221011_173926-1-768x529.jpg 768w, https:\/\/www.pelet-roy.ch\/wp-content\/uploads\/2022\/11\/20221011_173926-1-1536x1059.jpg 1536w, https:\/\/www.pelet-roy.ch\/wp-content\/uploads\/2022\/11\/20221011_173926-1-2048x1412.jpg 2048w, https:\/\/www.pelet-roy.ch\/wp-content\/uploads\/2022\/11\/20221011_173926-1-700x483.jpg 700w\" sizes=\"auto, (max-width: 1024px) 100vw, 1024px\" \/><\/figure><\/li><li class=\"blocks-gallery-item\"><figure><img loading=\"lazy\" decoding=\"async\" width=\"921\" height=\"815\" src=\"https:\/\/www.pelet-roy.ch\/wp-content\/uploads\/2020\/10\/PR2100.jpg\" alt=\"\" data-id=\"7598\" data-link=\"https:\/\/www.pelet-roy.ch\/?attachment_id=7598\" class=\"wp-image-7598\" srcset=\"https:\/\/www.pelet-roy.ch\/wp-content\/uploads\/2020\/10\/PR2100.jpg 921w, https:\/\/www.pelet-roy.ch\/wp-content\/uploads\/2020\/10\/PR2100-300x265.jpg 300w, https:\/\/www.pelet-roy.ch\/wp-content\/uploads\/2020\/10\/PR2100-768x680.jpg 768w, https:\/\/www.pelet-roy.ch\/wp-content\/uploads\/2020\/10\/PR2100-700x619.jpg 700w\" sizes=\"auto, (max-width: 921px) 100vw, 921px\" \/><\/figure><\/li><\/ul><\/figure><p class=\"has-text-align-center\">Votre team Pelet-Roy S\u00e0rl<\/p>","protected":false},"excerpt":{"rendered":"<p>La plate-forme PR2100 est \u00e9quip\u00e9e d&#8217;un panneau de commande multifonctions en lien avec le syst\u00e8me de gestion de troupeau. Le contr\u00f4le automatique de la vitesse et de la d\u00e9tection de coup de pied font partie des multiples fonctions standards du syst\u00e8me. Le trayeur peut \u00eatre aid\u00e9 par un &#8221;Smart Message Annonceur&#8221;, une voix annonce alors [&hellip;]<\/p>\n","protected":false},"author":3,"featured_media":0,"parent":4527,"menu_order":0,"comment_status":"closed","ping_status":"closed","template":"","meta":{"footnotes":""},"class_list":["post-7595","page","type-page","status-publish","hentry"],"jetpack_sharing_enabled":true,"_links":{"self":[{"href":"https:\/\/www.pelet-roy.ch\/index.php?rest_route=\/wp\/v2\/pages\/7595","targetHints":{"allow":["GET"]}}],"collection":[{"href":"https:\/\/www.pelet-roy.ch\/index.php?rest_route=\/wp\/v2\/pages"}],"about":[{"href":"https:\/\/www.pelet-roy.ch\/index.php?rest_route=\/wp\/v2\/types\/page"}],"author":[{"embeddable":true,"href":"https:\/\/www.pelet-roy.ch\/index.php?rest_route=\/wp\/v2\/users\/3"}],"replies":[{"embeddable":true,"href":"https:\/\/www.pelet-roy.ch\/index.php?rest_route=%2Fwp%2Fv2%2Fcomments&post=7595"}],"version-history":[{"count":4,"href":"https:\/\/www.pelet-roy.ch\/index.php?rest_route=\/wp\/v2\/pages\/7595\/revisions"}],"predecessor-version":[{"id":8264,"href":"https:\/\/www.pelet-roy.ch\/index.php?rest_route=\/wp\/v2\/pages\/7595\/revisions\/8264"}],"up":[{"embeddable":true,"href":"https:\/\/www.pelet-roy.ch\/index.php?rest_route=\/wp\/v2\/pages\/4527"}],"wp:attachment":[{"href":"https:\/\/www.pelet-roy.ch\/index.php?rest_route=%2Fwp%2Fv2%2Fmedia&parent=7595"}],"curies":[{"name":"wp","href":"https:\/\/api.w.org\/{rel}","templated":true}]}}