{"id":7688,"date":"2020-11-23T11:30:38","date_gmt":"2020-11-23T10:30:38","guid":{"rendered":"https:\/\/www.pelet-roy.ch\/?page_id=7688"},"modified":"2024-08-12T14:04:18","modified_gmt":"2024-08-12T12:04:18","slug":"produits-fiches-techniques","status":"publish","type":"page","link":"https:\/\/www.pelet-roy.ch\/?page_id=7688","title":{"rendered":"Produits &#8211; fiches techniques"},"content":{"rendered":"<p style=\"font-size:22px\"><strong>Produits de trempage<\/strong><\/p><p>Aper\u00e7u de l&#8217;assortiment DeLaval &#8211; tableau comparatif :<\/p><div style=\"height:1px\" aria-hidden=\"true\" class=\"wp-block-spacer\"><\/div><div class=\"wp-block-image\"><figure class=\"aligncenter size-large is-resized\"><img loading=\"lazy\" decoding=\"async\" width=\"1024\" height=\"580\" src=\"https:\/\/www.pelet-roy.ch\/wp-content\/uploads\/2020\/11\/Apercu_produits_trempage-1-1024x580.jpg\" alt=\"\" class=\"wp-image-7698\" style=\"width:1081px;height:612px\" srcset=\"https:\/\/www.pelet-roy.ch\/wp-content\/uploads\/2020\/11\/Apercu_produits_trempage-1-1024x580.jpg 1024w, https:\/\/www.pelet-roy.ch\/wp-content\/uploads\/2020\/11\/Apercu_produits_trempage-1-300x170.jpg 300w, https:\/\/www.pelet-roy.ch\/wp-content\/uploads\/2020\/11\/Apercu_produits_trempage-1-768x435.jpg 768w, https:\/\/www.pelet-roy.ch\/wp-content\/uploads\/2020\/11\/Apercu_produits_trempage-1-160x90.jpg 160w, https:\/\/www.pelet-roy.ch\/wp-content\/uploads\/2020\/11\/Apercu_produits_trempage-1-700x397.jpg 700w, https:\/\/www.pelet-roy.ch\/wp-content\/uploads\/2020\/11\/Apercu_produits_trempage-1.jpg 1248w\" sizes=\"auto, (max-width: 1024px) 100vw, 1024px\" \/><\/figure><\/div><p><strong>\/!\\<\/strong> <strong>Produits <span style=\"text-decoration: underline;\">sortis<\/span><\/strong> de la gamme DeLaval :<\/p><p style=\"font-size:15px\"><strong>Blockade<\/strong> &#8211; remplac\u00e9 par <em>Iodofence<\/em><\/p><p style=\"font-size:15px\"><strong>Proactive<\/strong> &#8211; remplac\u00e9 par <em>Tri-Fender<\/em><\/p><div style=\"height:20px\" aria-hidden=\"true\" class=\"wp-block-spacer\"><\/div><p>Profitez de nos fichiers d\u00e9taill\u00e9s en format PDF :<\/p><div class=\"wp-block-file\"><a href=\"https:\/\/www.pelet-roy.ch\/wp-content\/uploads\/2020\/11\/IodoFence.pdf\">IodoFence<\/a><a href=\"https:\/\/www.pelet-roy.ch\/wp-content\/uploads\/2020\/11\/IodoFence.pdf\" class=\"wp-block-file__button wp-element-button\" download>T\u00e9l\u00e9charger<\/a><\/div><div class=\"wp-block-file\"><a href=\"https:\/\/www.pelet-roy.ch\/wp-content\/uploads\/2023\/11\/OceanBlu_brochure.pdf\">OceanBlu<\/a><a href=\"https:\/\/www.pelet-roy.ch\/wp-content\/uploads\/2023\/11\/OceanBlu_brochure.pdf\" class=\"wp-block-file__button wp-element-button\" download>T\u00e9l\u00e9charger<\/a><\/div><div class=\"wp-block-file\"><a href=\"https:\/\/www.pelet-roy.ch\/wp-content\/uploads\/2022\/07\/Biofoam_plus.pdf\">Biofoam +<\/a><a href=\"https:\/\/www.pelet-roy.ch\/wp-content\/uploads\/2022\/07\/Biofoam_plus.pdf\" class=\"wp-block-file__button wp-element-button\" download>T\u00e9l\u00e9charger<\/a><\/div><div class=\"wp-block-file\"><a href=\"https:\/\/www.pelet-roy.ch\/wp-content\/uploads\/2020\/11\/Blockade-Proactive-TriFender.pdf\">Blockade-Proactive-TriFender<\/a><a href=\"https:\/\/www.pelet-roy.ch\/wp-content\/uploads\/2020\/11\/Blockade-Proactive-TriFender.pdf\" class=\"wp-block-file__button wp-element-button\" download>T\u00e9l\u00e9charger<\/a><\/div><div class=\"wp-block-file\"><a href=\"https:\/\/www.pelet-roy.ch\/wp-content\/uploads\/2020\/11\/Flyer-Fortex_2015.pdf\">Fortex<\/a><a href=\"https:\/\/www.pelet-roy.ch\/wp-content\/uploads\/2020\/11\/Flyer-Fortex_2015.pdf\" class=\"wp-block-file__button wp-element-button\" download>T\u00e9l\u00e9charger<\/a><\/div><div class=\"wp-block-file\"><a href=\"https:\/\/www.pelet-roy.ch\/wp-content\/uploads\/2022\/07\/Peradis.pdf\">Peradis<\/a><a href=\"https:\/\/www.pelet-roy.ch\/wp-content\/uploads\/2022\/07\/Peradis.pdf\" class=\"wp-block-file__button wp-element-button\" download>T\u00e9l\u00e9charger<\/a><\/div><div class=\"wp-block-file\"><a href=\"https:\/\/www.pelet-roy.ch\/wp-content\/uploads\/2020\/11\/Prima.pdf\">Prima Plus<\/a><a href=\"https:\/\/www.pelet-roy.ch\/wp-content\/uploads\/2020\/11\/Prima.pdf\" class=\"wp-block-file__button wp-element-button\" download>T\u00e9l\u00e9charger<\/a><\/div><div class=\"wp-block-file\"><a href=\"https:\/\/www.pelet-roy.ch\/wp-content\/uploads\/2020\/11\/LactiFence.pdf\">LactiFence Plus<\/a><a href=\"https:\/\/www.pelet-roy.ch\/wp-content\/uploads\/2020\/11\/LactiFence.pdf\" class=\"wp-block-file__button wp-element-button\" download>T\u00e9l\u00e9charger<\/a><\/div><div class=\"wp-block-file\"><a href=\"https:\/\/www.pelet-roy.ch\/wp-content\/uploads\/2021\/10\/Fiche-produit-EasyStride.pdf\">EasyStride &#8211; bio<\/a><a href=\"https:\/\/www.pelet-roy.ch\/wp-content\/uploads\/2021\/10\/Fiche-produit-EasyStride.pdf\" class=\"wp-block-file__button wp-element-button\" download>T\u00e9l\u00e9charger<\/a><\/div><div class=\"wp-block-file\"><a href=\"https:\/\/www.pelet-roy.ch\/wp-content\/uploads\/2021\/10\/Fiche-produit-4Hooves-DeLaval.pdf\">4Hooves<\/a><a href=\"https:\/\/www.pelet-roy.ch\/wp-content\/uploads\/2021\/10\/Fiche-produit-4Hooves-DeLaval.pdf\" class=\"wp-block-file__button wp-element-button\" download>T\u00e9l\u00e9charger<\/a><\/div><div style=\"height:9px\" aria-hidden=\"true\" class=\"wp-block-spacer\"><\/div><p class=\"has-text-align-center\">Votre team Pelet-Roy S\u00e0rl<\/p>","protected":false},"excerpt":{"rendered":"<p>Produits de trempage Aper\u00e7u de l&#8217;assortiment DeLaval &#8211; tableau comparatif : \/!\\ Produits sortis de la gamme DeLaval : Blockade &#8211; remplac\u00e9 par Iodofence Proactive &#8211; remplac\u00e9 par Tri-Fender Profitez de nos fichiers d\u00e9taill\u00e9s en format PDF : Votre team Pelet-Roy S\u00e0rl<\/p>\n","protected":false},"author":3,"featured_media":0,"parent":0,"menu_order":0,"comment_status":"closed","ping_status":"closed","template":"","meta":{"footnotes":""},"class_list":["post-7688","page","type-page","status-publish","hentry"],"jetpack_sharing_enabled":true,"_links":{"self":[{"href":"https:\/\/www.pelet-roy.ch\/index.php?rest_route=\/wp\/v2\/pages\/7688","targetHints":{"allow":["GET"]}}],"collection":[{"href":"https:\/\/www.pelet-roy.ch\/index.php?rest_route=\/wp\/v2\/pages"}],"about":[{"href":"https:\/\/www.pelet-roy.ch\/index.php?rest_route=\/wp\/v2\/types\/page"}],"author":[{"embeddable":true,"href":"https:\/\/www.pelet-roy.ch\/index.php?rest_route=\/wp\/v2\/users\/3"}],"replies":[{"embeddable":true,"href":"https:\/\/www.pelet-roy.ch\/index.php?rest_route=%2Fwp%2Fv2%2Fcomments&post=7688"}],"version-history":[{"count":42,"href":"https:\/\/www.pelet-roy.ch\/index.php?rest_route=\/wp\/v2\/pages\/7688\/revisions"}],"predecessor-version":[{"id":8631,"href":"https:\/\/www.pelet-roy.ch\/index.php?rest_route=\/wp\/v2\/pages\/7688\/revisions\/8631"}],"wp:attachment":[{"href":"https:\/\/www.pelet-roy.ch\/index.php?rest_route=%2Fwp%2Fv2%2Fmedia&parent=7688"}],"curies":[{"name":"wp","href":"https:\/\/api.w.org\/{rel}","templated":true}]}}