{"id":7764,"date":"2021-01-12T17:23:39","date_gmt":"2021-01-12T16:23:39","guid":{"rendered":"https:\/\/www.pelet-roy.ch\/?page_id=7764"},"modified":"2024-07-26T15:22:38","modified_gmt":"2024-07-26T13:22:38","slug":"sponsoring","status":"publish","type":"page","link":"https:\/\/www.pelet-roy.ch\/?page_id=7764","title":{"rendered":"Sponsoring"},"content":{"rendered":"<p class=\"has-text-align-left\" style=\"font-size:23px\"><strong>Nous avons soutenu les soci\u00e9t\u00e9s locales tout au long de notre activit\u00e9<\/strong>.<\/p><p><strong>2024<\/strong><\/p><ul class=\"wp-block-list\"><li>FC Vallon du Nozon, <em>\u00e9quipe f\u00e9minine<\/em><\/li>\n\n<li>Jeunesse de Bretonni\u00e8res, <em>maillots de sport<\/em><\/li>\n\n<li>FestiBoc 2024 \u00e0 Bofflens &#8211; <em>14 et 15 juin 2024<\/em><\/li>\n\n<li>88\u00e8me Giron Choral Plaine de l&#8217;Orbe &#8211; <em>27 avril 2024<\/em><\/li>\n\n<li>L\u00e9manic Expo \u00e0 Bi\u00e8re &#8211; <em>6 avril 2024<\/em><\/li>\n\n<li>CarnaUrba Carnaval d&#8217;Orbe &#8211;<em> 5 au 7 avril 2024<\/em><\/li>\n\n<li>Un Sol It, Repas concert &#8221;Ca va chier&#8221; \u00e0 Bretonni\u00e8res &#8211; <em>1er mars 2024<\/em><\/li>\n\n<li>Jodlerclub Orbe &#8211;<em> 2 et 3 f\u00e9vrier 2024<\/em><\/li><\/ul><p><strong>2023<\/strong><\/p><ul class=\"wp-block-list\"><li>Expo Jeunes \u00c9leveurs VD-VS-GE \u00e0 Bi\u00e8re &#8211; <em>4 novembre 2023<\/em><\/li>\n\n<li>Les Sonnailles \u00e0 Romainm\u00f4tier &#8211; <em>13 au 15 octobre 2023<\/em><\/li>\n\n<li>Tir Cantonal FVJC 2023 \u00e0 Rances &#8211; <em>30 ao\u00fbt au 10 septembre 2023<\/em><\/li>\n\n<li>Tracteur Pulling Mont-Tendre &#8211; <em>15 au 17 septembre 2023<\/em><\/li>\n\n<li>Le D\u00e9fi des Grill\u00e9s 2023 \u00e0 Dommartin &#8211; <em>1er et 2 septembre 2023<\/em><\/li>\n\n<li>Challenge UJGDV \u00e0 Pailly &#8211; <em>1er au 6 ao\u00fbt 2023<\/em><\/li>\n\n<li>Abbaye des Carabiniers \u00e0 Valeyres-sous-Rances &#8211; <em>8 au 10 juillet 2023<\/em><\/li>\n\n<li>Abbaye des Chasseurs \u00e0 Moiry &#8211; <em>8 au 10 juillet 2023<\/em><\/li>\n\n<li>Rallye FVJC 2023 \u00e0 Fontaines &#8211; <em>24 au 28 mai 2023<\/em><\/li>\n\n<li>Expo R\u00e9gionale de vaches laiti\u00e8res du Pied du Jura \u00e0 Bi\u00e8re &#8211; <em>8 avril 2023<\/em><\/li>\n\n<li>Jodlerclub Orbe &#8211; <em>3 et 4 f\u00e9vrier 2023<\/em><\/li><\/ul><p><strong>2022<\/strong><\/p><ul class=\"wp-block-list\"><li>Les Sonnailles \u00e0 Romainm\u00f4tier &#8211; <em>14 au 16 octobre 2022<\/em><\/li>\n\n<li>La D\u00e9salpe de St-Cergue &#8211; <em>24 septembre 2022<\/em><\/li>\n\n<li>Giron du Pied du Jura Cuarnens \/ L&#8217;Isle &#8211; <em>10 au 14 ao\u00fbt 2022<\/em><\/li>\n\n<li>Giron du Nord \u00e0 Chavornay &#8211; <em>27 au 31 juillet 2022<\/em><\/li>\n\n<li>Expo Lemanic \u00e0 Bi\u00e8re &#8211; <em>9 avril 2022<\/em><\/li><\/ul><p><strong>2021<\/strong><\/p><ul class=\"wp-block-list\"><li>FC Vallon du Nozon, <em>\u00e9quipe masculine<\/em><\/li>\n\n<li>Giron du Nord \u00e0 Rances &#8211; <em>14 au 18 juillet 2021<\/em><\/li><\/ul><p><strong>2020 <\/strong><\/p><ul class=\"wp-block-list\"><li>Giron du Nord \u00e0 Rances &#8211; <em>15 au 19 juillet 2020 (report\u00e9)<\/em><\/li>\n\n<li>Choeur d&#8217;Hommes de Gimel, Yens<\/li>\n\n<li>Choeur d&#8217;Hommes l&#8217;Esp\u00e9rance de Penth\u00e9r\u00e9az &#8211; 54\u00e8me Giron de Chant<\/li>\n\n<li>Jodleurclub de Vallorbe &#8211; <em>7 et 8 f\u00e9vrier 2020<\/em><\/li>\n\n<li>Concours de tambours \u00e0 Juriens-La Praz &#8211; <em>9 au 12 janvier 2020<\/em><\/li><\/ul><p><strong>2019 <\/strong><\/p><ul class=\"wp-block-list\"><li>Syndicats d&#8217;\u00e9levage de la Vall\u00e9e de Joux, Vallorbe\/Ballaigues et Vaulion &#8211;  <em>30 novembre 2019<\/em><\/li>\n\n<li>Rencontres FVJC Provence-Mutrux &#8211; <em>14 au 18 ao\u00fbt 2019<\/em><\/li>\n\n<li>100\u00e8me de la FVJC &#8211; <em>3 au 21 juillet 2019<\/em><\/li><\/ul><p><strong>2018<\/strong><\/p><ul class=\"wp-block-list\"><li>Giron du Pied du Jura LCGS &#8211; <em>1er au 5 ao\u00fbt 2018<\/em><\/li>\n\n<li>Giron FJDN \u00e0 Givrins &#8211; <em>20 au 24 juin 2018<\/em><\/li>\n\n<li>Expo Lemanic Holstein \u00e0 Bi\u00e8re &#8211; <em>7 avril 2018<\/em><\/li><\/ul><p><strong>2017<\/strong><\/p><ul class=\"wp-block-list\"><li>Assembl\u00e9e g\u00e9n\u00e9rale de l&#8217;AMASR (Association des Ma\u00eetres Agriculteurs de la Suisse Romande) &#8211; <em>8 d\u00e9cembre 2017<\/em><\/li>\n\n<li>Syndicat agricole et d&#8217;\u00e9levage de Vaulion, mi-\u00e9t\u00e9 2017 &#8211; <em>19 ao\u00fbt 2017<\/em><\/li>\n\n<li>Giron du Pied du Jura \u00e0 S\u00e9very &#8211;<em> 9 au 13 ao\u00fbt 2017<\/em><\/li>\n\n<li>Groupement des \u00e9leveurs Romands de la race Simmental (GSR), 15\u00e8me anniversaire &#8211;<em> 29 avril 2017<\/em><\/li><\/ul><p><strong>2016<\/strong><\/p><ul class=\"wp-block-list\"><li>Giron du Pied du Jura \u00e0 Montricher &#8211; <em>10 au 14 ao\u00fbt 2016<\/em><\/li><\/ul><div style=\"height:5px\" aria-hidden=\"true\" class=\"wp-block-spacer\"><\/div><p><\/p><p class=\"has-text-align-center\">Votre team Pelet-Roy S\u00e0rl<\/p>","protected":false},"excerpt":{"rendered":"<p>Nous avons soutenu les soci\u00e9t\u00e9s locales tout au long de notre activit\u00e9. 2024 2023 2022 2021 2020 2019 2018 2017 2016 Votre team Pelet-Roy S\u00e0rl<\/p>\n","protected":false},"author":3,"featured_media":0,"parent":0,"menu_order":0,"comment_status":"closed","ping_status":"closed","template":"","meta":{"footnotes":""},"class_list":["post-7764","page","type-page","status-publish","hentry"],"jetpack_sharing_enabled":true,"_links":{"self":[{"href":"https:\/\/www.pelet-roy.ch\/index.php?rest_route=\/wp\/v2\/pages\/7764","targetHints":{"allow":["GET"]}}],"collection":[{"href":"https:\/\/www.pelet-roy.ch\/index.php?rest_route=\/wp\/v2\/pages"}],"about":[{"href":"https:\/\/www.pelet-roy.ch\/index.php?rest_route=\/wp\/v2\/types\/page"}],"author":[{"embeddable":true,"href":"https:\/\/www.pelet-roy.ch\/index.php?rest_route=\/wp\/v2\/users\/3"}],"replies":[{"embeddable":true,"href":"https:\/\/www.pelet-roy.ch\/index.php?rest_route=%2Fwp%2Fv2%2Fcomments&post=7764"}],"version-history":[{"count":39,"href":"https:\/\/www.pelet-roy.ch\/index.php?rest_route=\/wp\/v2\/pages\/7764\/revisions"}],"predecessor-version":[{"id":8581,"href":"https:\/\/www.pelet-roy.ch\/index.php?rest_route=\/wp\/v2\/pages\/7764\/revisions\/8581"}],"wp:attachment":[{"href":"https:\/\/www.pelet-roy.ch\/index.php?rest_route=%2Fwp%2Fv2%2Fmedia&parent=7764"}],"curies":[{"name":"wp","href":"https:\/\/api.w.org\/{rel}","templated":true}]}}