{"id":8410,"date":"2023-05-08T12:14:47","date_gmt":"2023-05-08T10:14:47","guid":{"rendered":"https:\/\/www.pelet-roy.ch\/?page_id=8410"},"modified":"2024-08-12T14:07:41","modified_gmt":"2024-08-12T12:07:41","slug":"confort-du-betail-2","status":"publish","type":"page","link":"https:\/\/www.pelet-roy.ch\/?page_id=8410","title":{"rendered":"Confort du b\u00e9tail"},"content":{"rendered":"<p class=\"has-text-align-center\" style=\"font-size:18px\"><strong>Vous<\/strong>, agriculteurs et agricultrices, \u00eates de plus en plus confront\u00e9s aux regards des gens quant au bien-\u00eatre animal.<\/p><p class=\"has-text-align-center\">Mais il y a aussi le climat qui nous force \u00e0 r\u00e9fl\u00e9chir sur le long terme. L&#8217;\u00e9t\u00e9 2022 et celui de 2023 ont \u00e9t\u00e9 chaud et sec, ils ont apport\u00e9 leur lot de d\u00e9sagr\u00e9ments pour les animaux et il a fallu trouver des solutions rapidement pour les rafra\u00eechir.<\/p><p class=\"has-text-align-center\" style=\"font-size:18px\"><strong>Ensemble<\/strong>, nous pouvons trouver des solutions adapt\u00e9es \u00e0 vos besoins mais surtout aux besoins de vos animaux.<\/p><p class=\"has-text-align-center\">Le confort comprend beaucoup d&#8217;\u00e9l\u00e9ments&#8230;<\/p><div style=\"height:1px\" aria-hidden=\"true\" class=\"wp-block-spacer\"><\/div><figure class=\"wp-block-gallery has-nested-images columns-default is-cropped wp-block-gallery-1 is-layout-flex wp-block-gallery-is-layout-flex\"><figure class=\"wp-block-image size-large\"><img loading=\"lazy\" decoding=\"async\" width=\"1024\" height=\"768\" data-id=\"8391\" src=\"https:\/\/www.pelet-roy.ch\/wp-content\/uploads\/2023\/05\/20221011_170619-1024x768.jpg\" alt=\"\" class=\"wp-image-8391\" srcset=\"https:\/\/www.pelet-roy.ch\/wp-content\/uploads\/2023\/05\/20221011_170619-1024x768.jpg 1024w, https:\/\/www.pelet-roy.ch\/wp-content\/uploads\/2023\/05\/20221011_170619-300x225.jpg 300w, https:\/\/www.pelet-roy.ch\/wp-content\/uploads\/2023\/05\/20221011_170619-768x576.jpg 768w, https:\/\/www.pelet-roy.ch\/wp-content\/uploads\/2023\/05\/20221011_170619-1536x1152.jpg 1536w, https:\/\/www.pelet-roy.ch\/wp-content\/uploads\/2023\/05\/20221011_170619-700x525.jpg 700w, https:\/\/www.pelet-roy.ch\/wp-content\/uploads\/2023\/05\/20221011_170619.jpg 2000w\" sizes=\"auto, (max-width: 1024px) 100vw, 1024px\" \/><figcaption class=\"wp-element-caption\">Aire paill\u00e9e<\/figcaption><\/figure>\n\n<figure class=\"wp-block-image size-large\"><img loading=\"lazy\" decoding=\"async\" width=\"390\" height=\"413\" data-id=\"8405\" src=\"https:\/\/www.pelet-roy.ch\/wp-content\/uploads\/2023\/05\/Tapis_Kura.jpg\" alt=\"\" class=\"wp-image-8405\" srcset=\"https:\/\/www.pelet-roy.ch\/wp-content\/uploads\/2023\/05\/Tapis_Kura.jpg 390w, https:\/\/www.pelet-roy.ch\/wp-content\/uploads\/2023\/05\/Tapis_Kura-283x300.jpg 283w\" sizes=\"auto, (max-width: 390px) 100vw, 390px\" \/><figcaption class=\"wp-element-caption\">Tapis<\/figcaption><\/figure>\n\n<figure class=\"wp-block-image size-large\"><img loading=\"lazy\" decoding=\"async\" width=\"1024\" height=\"768\" data-id=\"8370\" src=\"https:\/\/www.pelet-roy.ch\/wp-content\/uploads\/2023\/05\/IMG-20230504-WA0011-1024x768.jpg\" alt=\"\" class=\"wp-image-8370\" srcset=\"https:\/\/www.pelet-roy.ch\/wp-content\/uploads\/2023\/05\/IMG-20230504-WA0011-1024x768.jpg 1024w, https:\/\/www.pelet-roy.ch\/wp-content\/uploads\/2023\/05\/IMG-20230504-WA0011-300x225.jpg 300w, https:\/\/www.pelet-roy.ch\/wp-content\/uploads\/2023\/05\/IMG-20230504-WA0011-768x576.jpg 768w, https:\/\/www.pelet-roy.ch\/wp-content\/uploads\/2023\/05\/IMG-20230504-WA0011-1536x1152.jpg 1536w, https:\/\/www.pelet-roy.ch\/wp-content\/uploads\/2023\/05\/IMG-20230504-WA0011-700x525.jpg 700w, https:\/\/www.pelet-roy.ch\/wp-content\/uploads\/2023\/05\/IMG-20230504-WA0011.jpg 2000w\" sizes=\"auto, (max-width: 1024px) 100vw, 1024px\" \/><figcaption class=\"wp-element-caption\">Ventilation<\/figcaption><\/figure><\/figure><p class=\"has-text-align-center\">Le confort de l&#8217;\u00e9table, du sol et de la surface de couchage, mais aussi&#8230;<\/p><div style=\"height:1px\" aria-hidden=\"true\" class=\"wp-block-spacer\"><\/div><div class=\"wp-block-jetpack-tiled-gallery aligncenter is-style-rectangular\"><div class=\"tiled-gallery__gallery\"><div class=\"tiled-gallery__row\"><div class=\"tiled-gallery__col\" style=\"flex-basis:62.28642000539557%\"><figure class=\"tiled-gallery__item\"><img decoding=\"async\" srcset=\"https:\/\/i2.wp.com\/www.pelet-roy.ch\/wp-content\/uploads\/2023\/05\/BrosseSCB-1.jpg?strip=info&#038;w=463&#038;ssl=1 463w\" alt=\"\" data-height=\"635\" data-id=\"8403\" data-link=\"https:\/\/www.pelet-roy.ch\/?attachment_id=8403\" data-url=\"https:\/\/www.pelet-roy.ch\/wp-content\/uploads\/2023\/05\/BrosseSCB-1.jpg\" data-width=\"463\" src=\"https:\/\/i2.wp.com\/www.pelet-roy.ch\/wp-content\/uploads\/2023\/05\/BrosseSCB-1.jpg?ssl=1\" layout=\"responsive\"\/><\/figure><\/div><div class=\"tiled-gallery__col\" style=\"flex-basis:37.71357999460443%\"><figure class=\"tiled-gallery__item\"><img decoding=\"async\" srcset=\"https:\/\/i1.wp.com\/www.pelet-roy.ch\/wp-content\/uploads\/2023\/05\/Brosse-SB.jpg?strip=info&#038;w=408&#038;ssl=1 408w\" alt=\"\" data-height=\"321\" data-id=\"8407\" data-link=\"https:\/\/www.pelet-roy.ch\/?attachment_id=8407\" data-url=\"https:\/\/www.pelet-roy.ch\/wp-content\/uploads\/2023\/05\/Brosse-SB.jpg\" data-width=\"408\" src=\"https:\/\/i1.wp.com\/www.pelet-roy.ch\/wp-content\/uploads\/2023\/05\/Brosse-SB.jpg?ssl=1\" layout=\"responsive\"\/><\/figure><figure class=\"tiled-gallery__item\"><img decoding=\"async\" srcset=\"https:\/\/i1.wp.com\/www.pelet-roy.ch\/wp-content\/uploads\/2020\/10\/pediluve_PR2100.jpg?strip=info&#038;w=366&#038;ssl=1 366w\" alt=\"\" data-height=\"229\" data-id=\"7597\" data-link=\"https:\/\/www.pelet-roy.ch\/?attachment_id=7597\" data-url=\"https:\/\/www.pelet-roy.ch\/wp-content\/uploads\/2020\/10\/pediluve_PR2100.jpg\" data-width=\"366\" src=\"https:\/\/i1.wp.com\/www.pelet-roy.ch\/wp-content\/uploads\/2020\/10\/pediluve_PR2100.jpg?ssl=1\" layout=\"responsive\"\/><\/figure><figure class=\"tiled-gallery__item\"><img decoding=\"async\" srcset=\"https:\/\/i2.wp.com\/www.pelet-roy.ch\/wp-content\/uploads\/2023\/05\/Couverture_veau.jpg?strip=info&#038;w=350&#038;ssl=1 350w\" alt=\"\" data-height=\"294\" data-id=\"8404\" data-link=\"https:\/\/www.pelet-roy.ch\/?attachment_id=8404\" data-url=\"https:\/\/www.pelet-roy.ch\/wp-content\/uploads\/2023\/05\/Couverture_veau.jpg\" data-width=\"350\" src=\"https:\/\/i2.wp.com\/www.pelet-roy.ch\/wp-content\/uploads\/2023\/05\/Couverture_veau.jpg?ssl=1\" layout=\"responsive\"\/><\/figure><\/div><\/div><\/div><\/div><p class=\"has-text-align-center\">Une brosse \u00e0 disposition en tout temps, une solution p\u00e9diluve pour diminuer les probl\u00e8mes des onglons, des brumisateurs aux entr\u00e9es d&#8217;\u00e9table\/salle de traite pour rafra\u00eechir mais aussi diminuer la quantit\u00e9 de mouches.<\/p><p class=\"has-text-align-center\">Ou encore, une source de chaleur suppl\u00e9mentaire pour les veaux avec une couverture ajustable.<\/p><div style=\"height:1px\" aria-hidden=\"true\" class=\"wp-block-spacer\"><\/div><p class=\"has-text-align-center\">Votre Team Pelet-Roy<\/p>","protected":false},"excerpt":{"rendered":"<p>Vous, agriculteurs et agricultrices, \u00eates de plus en plus confront\u00e9s aux regards des gens quant au bien-\u00eatre animal. Mais il y a aussi le climat qui nous force \u00e0 r\u00e9fl\u00e9chir sur le long terme. L&#8217;\u00e9t\u00e9 2022 et celui de 2023 ont \u00e9t\u00e9 chaud et sec, ils ont apport\u00e9 leur lot de d\u00e9sagr\u00e9ments pour les animaux [&hellip;]<\/p>\n","protected":false},"author":3,"featured_media":0,"parent":0,"menu_order":0,"comment_status":"closed","ping_status":"closed","template":"","meta":{"footnotes":""},"class_list":["post-8410","page","type-page","status-publish","hentry"],"jetpack_sharing_enabled":true,"_links":{"self":[{"href":"https:\/\/www.pelet-roy.ch\/index.php?rest_route=\/wp\/v2\/pages\/8410","targetHints":{"allow":["GET"]}}],"collection":[{"href":"https:\/\/www.pelet-roy.ch\/index.php?rest_route=\/wp\/v2\/pages"}],"about":[{"href":"https:\/\/www.pelet-roy.ch\/index.php?rest_route=\/wp\/v2\/types\/page"}],"author":[{"embeddable":true,"href":"https:\/\/www.pelet-roy.ch\/index.php?rest_route=\/wp\/v2\/users\/3"}],"replies":[{"embeddable":true,"href":"https:\/\/www.pelet-roy.ch\/index.php?rest_route=%2Fwp%2Fv2%2Fcomments&post=8410"}],"version-history":[{"count":5,"href":"https:\/\/www.pelet-roy.ch\/index.php?rest_route=\/wp\/v2\/pages\/8410\/revisions"}],"predecessor-version":[{"id":8634,"href":"https:\/\/www.pelet-roy.ch\/index.php?rest_route=\/wp\/v2\/pages\/8410\/revisions\/8634"}],"wp:attachment":[{"href":"https:\/\/www.pelet-roy.ch\/index.php?rest_route=%2Fwp%2Fv2%2Fmedia&parent=8410"}],"curies":[{"name":"wp","href":"https:\/\/api.w.org\/{rel}","templated":true}]}}